{"id":946,"date":"2025-08-19T10:41:48","date_gmt":"2025-08-19T08:41:48","guid":{"rendered":"https:\/\/zetaair.es\/blog\/?page_id=946"},"modified":"2026-01-19T13:29:12","modified_gmt":"2026-01-19T12:29:12","slug":"internet-rural-la-romana-conexion-estable","status":"publish","type":"page","link":"https:\/\/zetaair.es\/blog\/internet-rural-la-romana-conexion-estable\/","title":{"rendered":"Internet rural en La Romana: conexi\u00f3n estable para casas de campo y diseminados en 2025"},"content":{"rendered":"\t\t<div data-elementor-type=\"wp-page\" data-elementor-id=\"946\" class=\"elementor elementor-946\" data-elementor-post-type=\"page\">\n\t\t\t\t<div class=\"elementor-element elementor-element-550afba2 e-flex e-con-boxed e-con e-parent\" data-id=\"550afba2\" data-element_type=\"container\">\n\t\t\t\t\t<div class=\"e-con-inner\">\n\t\t\t\t<div class=\"elementor-element elementor-element-243b66fb elementor-widget elementor-widget-image\" data-id=\"243b66fb\" data-element_type=\"widget\" data-widget_type=\"image.default\">\n\t\t\t\t<div class=\"elementor-widget-container\">\n\t\t\t\t\t\t\t\t\t\t\t\t\t\t\t<img fetchpriority=\"high\" decoding=\"async\" width=\"800\" height=\"200\" src=\"https:\/\/zetaair.es\/blog\/wp-content\/uploads\/2025\/08\/rotonda-la-romana.jpg\" class=\"attachment-large size-large wp-image-947\" alt=\"\" srcset=\"https:\/\/zetaair.es\/blog\/wp-content\/uploads\/2025\/08\/rotonda-la-romana.jpg 1000w, https:\/\/zetaair.es\/blog\/wp-content\/uploads\/2025\/08\/rotonda-la-romana-300x75.jpg 300w, https:\/\/zetaair.es\/blog\/wp-content\/uploads\/2025\/08\/rotonda-la-romana-768x192.jpg 768w\" sizes=\"(max-width: 800px) 100vw, 800px\" \/>\t\t\t\t\t\t\t\t\t\t\t\t\t\t\t<\/div>\n\t\t\t\t<\/div>\n\t\t\t\t\t<\/div>\n\t\t\t\t<\/div>\n\t\t<div class=\"elementor-element elementor-element-6e6eb362 e-flex e-con-boxed e-con e-parent\" data-id=\"6e6eb362\" data-element_type=\"container\">\n\t\t\t\t\t<div class=\"e-con-inner\">\n\t\t\t\t<div class=\"elementor-element elementor-element-6b9f28d2 elementor-align-center elementor-widget elementor-widget-button\" data-id=\"6b9f28d2\" data-element_type=\"widget\" data-widget_type=\"button.default\">\n\t\t\t\t<div class=\"elementor-widget-container\">\n\t\t\t\t\t\t\t\t\t<div class=\"elementor-button-wrapper\">\n\t\t\t\t\t<a class=\"elementor-button elementor-button-link elementor-size-sm\" href=\"https:\/\/zetaair.es\/fibra-internet\/fibra-air---fibra-rural-\/\">\n\t\t\t\t\t\t<span class=\"elementor-button-content-wrapper\">\n\t\t\t\t\t\t\t\t\t<span class=\"elementor-button-text\">Ver Tarifas de Fibra Rural<\/span>\n\t\t\t\t\t<\/span>\n\t\t\t\t\t<\/a>\n\t\t\t\t<\/div>\n\t\t\t\t\t\t\t\t<\/div>\n\t\t\t\t<\/div>\n\t\t\t\t\t<\/div>\n\t\t\t\t<\/div>\n\t\t<div class=\"elementor-element elementor-element-2b4c618f e-flex e-con-boxed e-con e-parent\" data-id=\"2b4c618f\" data-element_type=\"container\">\n\t\t\t\t\t<div class=\"e-con-inner\">\n\t\t\t\t<div class=\"elementor-element elementor-element-57aed27c elementor-widget elementor-widget-text-editor\" data-id=\"57aed27c\" data-element_type=\"widget\" data-widget_type=\"text-editor.default\">\n\t\t\t\t<div class=\"elementor-widget-container\">\n\t\t\t\t\t\t\t\t\t<p><span style=\"font-weight: 400;\">La Romana es uno de esos municipios del interior de Alicante donde la tranquilidad del entorno rural convive con una necesidad cada vez m\u00e1s urgente: contar con una buena conexi\u00f3n a internet. Aunque en el n\u00facleo urbano la cobertura es aceptable, muchas viviendas situadas en caminos, diseminados o urbanizaciones alejadas siguen sin acceso a fibra \u00f3ptica ni a ninguna red que garantice estabilidad.<\/span><\/p><p><span style=\"font-weight: 400;\">Desde Zeta Air conocemos bien la realidad de esta zona, y por eso ofrecemos soluciones reales para quienes viven fuera del casco urbano pero no quieren renunciar a una buena conexi\u00f3n en casa.<\/span><\/p>\t\t\t\t\t\t\t\t<\/div>\n\t\t\t\t<\/div>\n\t\t\t\t\t<\/div>\n\t\t\t\t<\/div>\n\t\t<div class=\"elementor-element elementor-element-17a1183a e-flex e-con-boxed e-con e-parent\" data-id=\"17a1183a\" data-element_type=\"container\">\n\t\t\t\t\t<div class=\"e-con-inner\">\n\t\t\t\t<div class=\"elementor-element elementor-element-3c25fa05 elementor-widget elementor-widget-heading\" data-id=\"3c25fa05\" data-element_type=\"widget\" data-widget_type=\"heading.default\">\n\t\t\t\t<div class=\"elementor-widget-container\">\n\t\t\t\t\t<h2 class=\"elementor-heading-title elementor-size-default\">\u00bfQu\u00e9 ocurre con la conexi\u00f3n a internet en las afueras de La Romana?\n\n<\/h2>\t\t\t\t<\/div>\n\t\t\t\t<\/div>\n\t\t\t\t<div class=\"elementor-element elementor-element-7b78a4fd elementor-widget elementor-widget-text-editor\" data-id=\"7b78a4fd\" data-element_type=\"widget\" data-widget_type=\"text-editor.default\">\n\t\t\t\t<div class=\"elementor-widget-container\">\n\t\t\t\t\t\t\t\t\t<p><span style=\"font-weight: 400;\">En las zonas m\u00e1s alejadas del centro del pueblo, como los alrededores del camino de Hond\u00f3n, el paraje de La Solana o las fincas dispersas entre vi\u00f1edos y almendros, la mayor\u00eda de conexiones siguen dependiendo de sistemas antiguos. Muchos vecinos se ven obligados a usar routers 4G que funcionan de forma irregular, con velocidad limitada y cortes frecuentes. A veces el problema no es solo la velocidad, sino la imposibilidad de conectar varios dispositivos a la vez o ver contenido sin interrupciones.<\/span><\/p><p><span style=\"font-weight: 400;\">Y lo m\u00e1s frustrante es que hablamos de lugares donde hay vida, familias, proyectos y negocios peque\u00f1os que necesitan algo tan b\u00e1sico como una conexi\u00f3n estable.<\/span><\/p>\t\t\t\t\t\t\t\t<\/div>\n\t\t\t\t<\/div>\n\t\t\t\t\t<\/div>\n\t\t\t\t<\/div>\n\t\t<div class=\"elementor-element elementor-element-3dd33fe7 e-flex e-con-boxed e-con e-parent\" data-id=\"3dd33fe7\" data-element_type=\"container\">\n\t\t\t\t\t<div class=\"e-con-inner\">\n\t\t\t\t<div class=\"elementor-element elementor-element-2d82fe0d elementor-widget elementor-widget-heading\" data-id=\"2d82fe0d\" data-element_type=\"widget\" data-widget_type=\"heading.default\">\n\t\t\t\t<div class=\"elementor-widget-container\">\n\t\t\t\t\t<h2 class=\"elementor-heading-title elementor-size-default\">\u00bfPor qu\u00e9 no llega la fibra \u00f3ptica a muchas zonas de La Romana?\n\n<\/h2>\t\t\t\t<\/div>\n\t\t\t\t<\/div>\n\t\t\t\t<div class=\"elementor-element elementor-element-2ea37d3 elementor-widget elementor-widget-text-editor\" data-id=\"2ea37d3\" data-element_type=\"widget\" data-widget_type=\"text-editor.default\">\n\t\t\t\t<div class=\"elementor-widget-container\">\n\t\t\t\t\t\t\t\t\t<p><span style=\"font-weight: 400;\">El despliegue de fibra \u00f3ptica tradicional requiere una infraestructura que las grandes operadoras no est\u00e1n dispuestas a instalar en zonas con baja densidad de poblaci\u00f3n. Esto deja fuera a decenas de viviendas en el extrarradio, caminos rurales o peque\u00f1as urbanizaciones que no resultan rentables para las compa\u00f1\u00edas de siempre. Y mientras tanto, sus habitantes siguen desconectados de servicios que ya se consideran esenciales.<\/span><\/p>\t\t\t\t\t\t\t\t<\/div>\n\t\t\t\t<\/div>\n\t\t\t\t\t<\/div>\n\t\t\t\t<\/div>\n\t\t<div class=\"elementor-element elementor-element-d2fa555 e-flex e-con-boxed e-con e-parent\" data-id=\"d2fa555\" data-element_type=\"container\">\n\t\t\t\t\t<div class=\"e-con-inner\">\n\t\t<div class=\"elementor-element elementor-element-8d77cca e-con-full e-flex e-con e-child\" data-id=\"8d77cca\" data-element_type=\"container\">\n\t\t\t\t<div class=\"elementor-element elementor-element-6b4181d elementor-widget elementor-widget-heading\" data-id=\"6b4181d\" data-element_type=\"widget\" data-widget_type=\"heading.default\">\n\t\t\t\t<div class=\"elementor-widget-container\">\n\t\t\t\t\t<h3 class=\"elementor-heading-title elementor-size-default\">Habla con un t\u00e9cnico y comprueba la cobertura<\/h3>\t\t\t\t<\/div>\n\t\t\t\t<\/div>\n\t\t\t\t<div class=\"elementor-element elementor-element-4e3072c elementor-widget elementor-widget-button\" data-id=\"4e3072c\" data-element_type=\"widget\" data-widget_type=\"button.default\">\n\t\t\t\t<div class=\"elementor-widget-container\">\n\t\t\t\t\t\t\t\t\t<div class=\"elementor-button-wrapper\">\n\t\t\t\t\t<a class=\"elementor-button elementor-button-link elementor-size-sm\" href=\"\">\n\t\t\t\t\t\t<span class=\"elementor-button-content-wrapper\">\n\t\t\t\t\t\t\t\t\t<span class=\"elementor-button-text\">Hablar por Whatsapp<\/span>\n\t\t\t\t\t<\/span>\n\t\t\t\t\t<\/a>\n\t\t\t\t<\/div>\n\t\t\t\t\t\t\t\t<\/div>\n\t\t\t\t<\/div>\n\t\t\t\t<\/div>\n\t\t\t\t\t<\/div>\n\t\t\t\t<\/div>\n\t\t<div class=\"elementor-element elementor-element-47b9c6e1 e-flex e-con-boxed e-con e-parent\" data-id=\"47b9c6e1\" data-element_type=\"container\">\n\t\t\t\t\t<div class=\"e-con-inner\">\n\t\t\t\t<div class=\"elementor-element elementor-element-20e756f9 elementor-widget elementor-widget-heading\" data-id=\"20e756f9\" data-element_type=\"widget\" data-widget_type=\"heading.default\">\n\t\t\t\t<div class=\"elementor-widget-container\">\n\t\t\t\t\t<h3 class=\"elementor-heading-title elementor-size-default\">La alternativa real: internet rural con Zeta Air\n\n\n\n<\/h3>\t\t\t\t<\/div>\n\t\t\t\t<\/div>\n\t\t\t\t<div class=\"elementor-element elementor-element-669d61cf elementor-widget elementor-widget-text-editor\" data-id=\"669d61cf\" data-element_type=\"widget\" data-widget_type=\"text-editor.default\">\n\t\t\t\t<div class=\"elementor-widget-container\">\n\t\t\t\t\t\t\t\t\t<p><span style=\"font-weight: 400;\">En Zeta Air no esperamos a que llegue la fibra. La llevamos nosotros. Nuestra soluci\u00f3n de <\/span><b>fibra rural<\/b><span style=\"font-weight: 400;\"> permite ofrecer conexi\u00f3n de calidad en zonas donde otras compa\u00f1\u00edas no llegan. Gracias a nuestra red propia y tecnolog\u00eda Wimax, damos servicio a viviendas alejadas sin necesidad de l\u00ednea telef\u00f3nica ni infraestructura previa.<\/span><\/p><p><span style=\"font-weight: 400;\">Analizamos cada caso, comprobamos la viabilidad t\u00e9cnica y realizamos la instalaci\u00f3n en pocos d\u00edas, con atenci\u00f3n cercana y soporte directo. Lo que buscamos no es solo dar servicio, sino mejorar la vida diaria de quienes han elegido vivir en el campo.<\/span><\/p><p><span style=\"font-weight: 400;\">\ud83d\udc49<\/span><a href=\"https:\/\/zetaair.es\/fibra-internet\/fibra-air---fibra-rural-\/\" target=\"_blank\" rel=\"noopener\"> <span style=\"font-weight: 400;\">Consulta aqu\u00ed nuestras tarifas de fibra rural en La Romana con Zeta Air<\/span><\/a><\/p>\t\t\t\t\t\t\t\t<\/div>\n\t\t\t\t<\/div>\n\t\t\t\t\t<\/div>\n\t\t\t\t<\/div>\n\t\t<div class=\"elementor-element elementor-element-4d7b95f e-flex e-con-boxed e-con e-parent\" data-id=\"4d7b95f\" data-element_type=\"container\">\n\t\t\t\t\t<div class=\"e-con-inner\">\n\t\t<div class=\"elementor-element elementor-element-4b57f60c e-grid e-con-full e-con e-child\" data-id=\"4b57f60c\" data-element_type=\"container\">\n\t\t\t\t<div class=\"elementor-element elementor-element-7c090aa6 elementor-widget elementor-widget-image\" data-id=\"7c090aa6\" data-element_type=\"widget\" data-widget_type=\"image.default\">\n\t\t\t\t<div class=\"elementor-widget-container\">\n\t\t\t\t\t\t\t\t\t\t\t\t\t\t\t<img decoding=\"async\" width=\"300\" height=\"300\" src=\"https:\/\/zetaair.es\/blog\/wp-content\/uploads\/2025\/08\/Jose-Ramon-Selles.--300x300.jpg\" class=\"attachment-medium size-medium wp-image-948\" alt=\"\" srcset=\"https:\/\/zetaair.es\/blog\/wp-content\/uploads\/2025\/08\/Jose-Ramon-Selles.--300x300.jpg 300w, https:\/\/zetaair.es\/blog\/wp-content\/uploads\/2025\/08\/Jose-Ramon-Selles.--1024x1024.jpg 1024w, https:\/\/zetaair.es\/blog\/wp-content\/uploads\/2025\/08\/Jose-Ramon-Selles.--150x150.jpg 150w, https:\/\/zetaair.es\/blog\/wp-content\/uploads\/2025\/08\/Jose-Ramon-Selles.--768x768.jpg 768w, https:\/\/zetaair.es\/blog\/wp-content\/uploads\/2025\/08\/Jose-Ramon-Selles.--700x700.jpg 700w, https:\/\/zetaair.es\/blog\/wp-content\/uploads\/2025\/08\/Jose-Ramon-Selles.--120x120.jpg 120w, https:\/\/zetaair.es\/blog\/wp-content\/uploads\/2025\/08\/Jose-Ramon-Selles.-.jpg 1080w\" sizes=\"(max-width: 300px) 100vw, 300px\" \/>\t\t\t\t\t\t\t\t\t\t\t\t\t\t\t<\/div>\n\t\t\t\t<\/div>\n\t\t\t\t<div class=\"elementor-element elementor-element-831009 elementor-widget elementor-widget-text-editor\" data-id=\"831009\" data-element_type=\"widget\" data-widget_type=\"text-editor.default\">\n\t\t\t\t<div class=\"elementor-widget-container\">\n\t\t\t\t\t\t\t\t\t<blockquote><p style=\"text-align: center;\"><em>\u00a0<\/em><\/p><p style=\"text-align: center;\"><em>\u00a0<\/em><\/p><p><span style=\"font-weight: 400;\">\u201cLo intentamos con varias compa\u00f1\u00edas, pero siempre acab\u00e1bamos con cortes, lentitud, o directamente sin servicio. A veces ten\u00eda que subir al pueblo solo para poder enviar un archivo o hacer una gesti\u00f3n de la bodega. Pero con Zeta Air, todo funciona como debe.\u201d<\/span><\/p><p style=\"text-align: center;\"><span style=\"font-weight: 400;\">Jose Ramon Sell\u00e9s.\u00a0<\/span><\/p><\/blockquote>\t\t\t\t\t\t\t\t<\/div>\n\t\t\t\t<\/div>\n\t\t\t\t<\/div>\n\t\t\t\t\t<\/div>\n\t\t\t\t<\/div>\n\t\t<div class=\"elementor-element elementor-element-15817a8f e-flex e-con-boxed e-con e-parent\" data-id=\"15817a8f\" data-element_type=\"container\">\n\t\t\t\t\t<div class=\"e-con-inner\">\n\t\t\t\t<div class=\"elementor-element elementor-element-63da37ca elementor-widget elementor-widget-heading\" data-id=\"63da37ca\" data-element_type=\"widget\" data-widget_type=\"heading.default\">\n\t\t\t\t<div class=\"elementor-widget-container\">\n\t\t\t\t\t<h2 class=\"elementor-heading-title elementor-size-default\">Preguntas frecuentes sobre internet rural en La Romana\n<\/h2>\t\t\t\t<\/div>\n\t\t\t\t<\/div>\n\t\t\t\t<div class=\"elementor-element elementor-element-213fcaf1 elementor-widget elementor-widget-text-editor\" data-id=\"213fcaf1\" data-element_type=\"widget\" data-widget_type=\"text-editor.default\">\n\t\t\t\t<div class=\"elementor-widget-container\">\n\t\t\t\t\t\t\t\t\t<p><b>\u00bfZeta Air da cobertura en zonas como La Solana o los caminos hacia Hond\u00f3n?<\/b><b><br \/><\/b><span style=\"font-weight: 400;\"> S\u00ed, ya damos servicio en diferentes \u00e1reas rurales del t\u00e9rmino municipal de La Romana. Evaluamos cada ubicaci\u00f3n individualmente, as\u00ed que si tienes dudas, puedes llamarnos y en pocos minutos sabr\u00e1s si tu casa est\u00e1 cubierta.<\/span><\/p><p><b>\u00bfQu\u00e9 necesito si mi casa est\u00e1 en una zona sin l\u00ednea fija?<\/b><b><br \/><\/b><span style=\"font-weight: 400;\"> No necesitas ni tel\u00e9fono ni cobertura de fibra convencional. Nuestra instalaci\u00f3n funciona mediante antena y conexi\u00f3n directa con nuestras estaciones. Una vez instalada, puedes disfrutar de internet estable sin preocuparte por la infraestructura.<\/span><\/p><p><b>\u00bfTardan mucho en instalarlo?<\/b><b><br \/><\/b><span style=\"font-weight: 400;\"> Normalmente, si tu ubicaci\u00f3n est\u00e1 dentro de nuestra zona de cobertura, podemos hacer la instalaci\u00f3n en un plazo de 48 a 72 horas. Dejamos todo funcionando para que no tengas que preocuparte por nada.<\/span><\/p>\t\t\t\t\t\t\t\t<\/div>\n\t\t\t\t<\/div>\n\t\t\t\t\t<\/div>\n\t\t\t\t<\/div>\n\t\t<div class=\"elementor-element elementor-element-4c56cdcc e-flex e-con-boxed e-con e-parent\" data-id=\"4c56cdcc\" data-element_type=\"container\">\n\t\t\t\t\t<div class=\"e-con-inner\">\n\t\t\t\t<div class=\"elementor-element elementor-element-6958832 elementor-widget elementor-widget-heading\" data-id=\"6958832\" data-element_type=\"widget\" data-widget_type=\"heading.default\">\n\t\t\t\t<div class=\"elementor-widget-container\">\n\t\t\t\t\t<h2 class=\"elementor-heading-title elementor-size-default\">Vivir conectado en La Romana es posible\n<\/h2>\t\t\t\t<\/div>\n\t\t\t\t<\/div>\n\t\t\t\t<div class=\"elementor-element elementor-element-5179ce4e elementor-widget elementor-widget-text-editor\" data-id=\"5179ce4e\" data-element_type=\"widget\" data-widget_type=\"text-editor.default\">\n\t\t\t\t<div class=\"elementor-widget-container\">\n\t\t\t\t\t\t\t\t\t<p><span style=\"font-weight: 400;\">Si vives en una casa de campo, en una finca o en una urbanizaci\u00f3n fuera del n\u00facleo urbano de La Romana y est\u00e1s cansado de depender de conexiones lentas o poco fiables, en Zeta Air te damos una alternativa que funciona. Conectamos hogares, mejoramos rutinas y te damos el servicio que mereces, est\u00e9s donde est\u00e9s.<\/span><\/p><p><a href=\"https:\/\/zetaair.es\/fibra-internet\/fibra-air---fibra-rural-\/\" target=\"_blank\" rel=\"noopener\">\u00a0<span style=\"font-weight: 400;\">Consulta nuestras tarifas de fibra rural en La Romana<\/span><\/a><span style=\"font-weight: 400;\"> o contacta con nosotros para comprobar la cobertura de tu zona. Te ayudamos sin compromiso.<\/span><\/p>\t\t\t\t\t\t\t\t<\/div>\n\t\t\t\t<\/div>\n\t\t\t\t\t<\/div>\n\t\t\t\t<\/div>\n\t\t\t\t<\/div>\n\t\t","protected":false},"excerpt":{"rendered":"<p>Ver Tarifas de Fibra Rural La Romana es uno de esos municipios del interior de Alicante donde la tranquilidad del entorno rural convive con una necesidad cada vez m\u00e1s urgente: contar con una buena conexi\u00f3n a internet. Aunque en el n\u00facleo urbano la cobertura es aceptable, muchas viviendas situadas en caminos, diseminados o urbanizaciones alejadas [&hellip;]<\/p>\n","protected":false},"author":3,"featured_media":0,"parent":0,"menu_order":0,"comment_status":"closed","ping_status":"closed","template":"","meta":{"footnotes":""},"class_list":["post-946","page","type-page","status-publish","hentry"],"_links":{"self":[{"href":"https:\/\/zetaair.es\/blog\/wp-json\/wp\/v2\/pages\/946","targetHints":{"allow":["GET"]}}],"collection":[{"href":"https:\/\/zetaair.es\/blog\/wp-json\/wp\/v2\/pages"}],"about":[{"href":"https:\/\/zetaair.es\/blog\/wp-json\/wp\/v2\/types\/page"}],"author":[{"embeddable":true,"href":"https:\/\/zetaair.es\/blog\/wp-json\/wp\/v2\/users\/3"}],"replies":[{"embeddable":true,"href":"https:\/\/zetaair.es\/blog\/wp-json\/wp\/v2\/comments?post=946"}],"version-history":[{"count":11,"href":"https:\/\/zetaair.es\/blog\/wp-json\/wp\/v2\/pages\/946\/revisions"}],"predecessor-version":[{"id":1271,"href":"https:\/\/zetaair.es\/blog\/wp-json\/wp\/v2\/pages\/946\/revisions\/1271"}],"wp:attachment":[{"href":"https:\/\/zetaair.es\/blog\/wp-json\/wp\/v2\/media?parent=946"}],"curies":[{"name":"wp","href":"https:\/\/api.w.org\/{rel}","templated":true}]}}