{"id":933,"date":"2025-08-19T10:05:39","date_gmt":"2025-08-19T08:05:39","guid":{"rendered":"https:\/\/zetaair.es\/blog\/?page_id=933"},"modified":"2026-01-19T13:33:33","modified_gmt":"2026-01-19T12:33:33","slug":"internet-rural-en-elda-soluciones-reales-para-casas-de-campo-y-urbanizaciones-en-2025","status":"publish","type":"page","link":"https:\/\/zetaair.es\/blog\/internet-rural-en-elda-soluciones-reales-para-casas-de-campo-y-urbanizaciones-en-2025\/","title":{"rendered":"Internet rural en Elda: soluciones reales para casas de campo y urbanizaciones en 2025"},"content":{"rendered":"\t\t<div data-elementor-type=\"wp-page\" data-elementor-id=\"933\" class=\"elementor elementor-933\" data-elementor-post-type=\"page\">\n\t\t\t\t<div class=\"elementor-element elementor-element-00a7fd6 e-flex e-con-boxed e-con e-parent\" data-id=\"00a7fd6\" data-element_type=\"container\">\n\t\t\t\t\t<div class=\"e-con-inner\">\n\t\t\t\t<div class=\"elementor-element elementor-element-56ac724 elementor-widget elementor-widget-image\" data-id=\"56ac724\" data-element_type=\"widget\" data-widget_type=\"image.default\">\n\t\t\t\t<div class=\"elementor-widget-container\">\n\t\t\t\t\t\t\t\t\t\t\t\t\t\t\t<img fetchpriority=\"high\" decoding=\"async\" width=\"800\" height=\"200\" src=\"https:\/\/zetaair.es\/blog\/wp-content\/uploads\/2025\/08\/plaza-mayor-elda.jpg\" class=\"attachment-large size-large wp-image-934\" alt=\"\" srcset=\"https:\/\/zetaair.es\/blog\/wp-content\/uploads\/2025\/08\/plaza-mayor-elda.jpg 1000w, https:\/\/zetaair.es\/blog\/wp-content\/uploads\/2025\/08\/plaza-mayor-elda-300x75.jpg 300w, https:\/\/zetaair.es\/blog\/wp-content\/uploads\/2025\/08\/plaza-mayor-elda-768x192.jpg 768w\" sizes=\"(max-width: 800px) 100vw, 800px\" \/>\t\t\t\t\t\t\t\t\t\t\t\t\t\t\t<\/div>\n\t\t\t\t<\/div>\n\t\t\t\t<div class=\"elementor-element elementor-element-b550f9f elementor-align-center elementor-widget elementor-widget-button\" data-id=\"b550f9f\" data-element_type=\"widget\" data-widget_type=\"button.default\">\n\t\t\t\t<div class=\"elementor-widget-container\">\n\t\t\t\t\t\t\t\t\t<div class=\"elementor-button-wrapper\">\n\t\t\t\t\t<a class=\"elementor-button elementor-button-link elementor-size-sm\" href=\"https:\/\/zetaair.es\/fibra-internet\/fibra-air---fibra-rural-\/\">\n\t\t\t\t\t\t<span class=\"elementor-button-content-wrapper\">\n\t\t\t\t\t\t\t\t\t<span class=\"elementor-button-text\">Ver Tarifas de Fibra Rural<\/span>\n\t\t\t\t\t<\/span>\n\t\t\t\t\t<\/a>\n\t\t\t\t<\/div>\n\t\t\t\t\t\t\t\t<\/div>\n\t\t\t\t<\/div>\n\t\t\t\t\t<\/div>\n\t\t\t\t<\/div>\n\t\t<div class=\"elementor-element elementor-element-1dc2587 e-flex e-con-boxed e-con e-parent\" data-id=\"1dc2587\" data-element_type=\"container\">\n\t\t\t\t\t<div class=\"e-con-inner\">\n\t\t\t\t<div class=\"elementor-element elementor-element-0c9caa0 elementor-widget elementor-widget-text-editor\" data-id=\"0c9caa0\" data-element_type=\"widget\" data-widget_type=\"text-editor.default\">\n\t\t\t\t<div class=\"elementor-widget-container\">\n\t\t\t\t\t\t\t\t\t<p>La mayor\u00eda de los vecinos de estas zonas siguen dependiendo de conexiones ADSL obsoletas o de routers que funcionan con datos m\u00f3viles, que en la pr\u00e1ctica ofrecen una conexi\u00f3n lenta, inestable y limitada. Esto afecta tanto a quienes necesitan internet para gestiones b\u00e1sicas como a quienes simplemente quieren ver la televisi\u00f3n con buena calidad o navegar sin interrupciones desde el m\u00f3vil.<\/p><p>En muchas viviendas del extrarradio, cargar una p\u00e1gina web puede tardar varios segundos, y el visionado de v\u00eddeos o series es casi imposible en ciertas horas del d\u00eda. Adem\u00e1s, los datos m\u00f3viles se consumen r\u00e1pidamente y no ofrecen la fiabilidad de una conexi\u00f3n fija. Lo que para algunos es algo b\u00e1sico, como ver un programa online o seguir una receta desde el m\u00f3vil, en estas zonas puede convertirse en una tarea desesperante.<\/p>\t\t\t\t\t\t\t\t<\/div>\n\t\t\t\t<\/div>\n\t\t\t\t<div class=\"elementor-element elementor-element-8a3fd7f elementor-widget elementor-widget-heading\" data-id=\"8a3fd7f\" data-element_type=\"widget\" data-widget_type=\"heading.default\">\n\t\t\t\t<div class=\"elementor-widget-container\">\n\t\t\t\t\t<h2 class=\"elementor-heading-title elementor-size-default\">\u00bfQu\u00e9 ocurre con la conexi\u00f3n a internet en las zonas rurales de Elda?\n<\/h2>\t\t\t\t<\/div>\n\t\t\t\t<\/div>\n\t\t\t\t<div class=\"elementor-element elementor-element-f1425f2 elementor-widget elementor-widget-text-editor\" data-id=\"f1425f2\" data-element_type=\"widget\" data-widget_type=\"text-editor.default\">\n\t\t\t\t<div class=\"elementor-widget-container\">\n\t\t\t\t\t\t\t\t\t<p><span style=\"font-weight: 400;\">En los alrededores de Elda, muchas viviendas ubicadas en fincas, urbanizaciones o zonas diseminadas todav\u00eda tienen problemas para acceder a una conexi\u00f3n de internet r\u00e1pida y estable. A pesar de que el centro de la ciudad cuenta con fibra \u00f3ptica, hay muchas \u00e1reas donde la cobertura es insuficiente o directamente inexistente. Esto genera una gran frustraci\u00f3n para quienes viven en zonas como La Jaud, El Monastil, La Torreta o incluso en los l\u00edmites con Petrer, donde la conexi\u00f3n sigue dependiendo de tecnolog\u00edas obsoletas.<\/span><\/p><p><span style=\"font-weight: 400;\">Desde Zeta Air trabajamos para cambiar esa realidad, ofreciendo una alternativa local, cercana y eficaz para quienes quieren vivir en el campo sin quedarse desconectados.<\/span><\/p><p dir=\"ltr\" style=\"line-height: 1.38; margin-top: 0pt; margin-bottom: 0pt;\"><span style=\"font-size: 11pt; font-family: Arial,sans-serif; color: #000000; background-color: transparent; font-weight: 400; font-style: normal; font-variant: normal; text-decoration: none; vertical-align: baseline; white-space: pre-wrap;\">A pesar de que muchos de estos hogares est\u00e1n a menos de 10 minutos en coche del centro urbano, siguen quedando fuera de los planes de despliegue de las grandes operadoras, como si no existieran.<\/span><\/p>\t\t\t\t\t\t\t\t<\/div>\n\t\t\t\t<\/div>\n\t\t\t\t\t<\/div>\n\t\t\t\t<\/div>\n\t\t<div class=\"elementor-element elementor-element-b1d0db7 e-flex e-con-boxed e-con e-parent\" data-id=\"b1d0db7\" data-element_type=\"container\">\n\t\t\t\t\t<div class=\"e-con-inner\">\n\t\t\t\t<div class=\"elementor-element elementor-element-197f399 elementor-widget elementor-widget-heading\" data-id=\"197f399\" data-element_type=\"widget\" data-widget_type=\"heading.default\">\n\t\t\t\t<div class=\"elementor-widget-container\">\n\t\t\t\t\t<h2 class=\"elementor-heading-title elementor-size-default\">\u00bfPor qu\u00e9 no llega la fibra \u00f3ptica a ciertas zonas de Elda?\n<\/h2>\t\t\t\t<\/div>\n\t\t\t\t<\/div>\n\t\t<div class=\"elementor-element elementor-element-8a0298c e-con-full e-flex e-con e-child\" data-id=\"8a0298c\" data-element_type=\"container\">\n\t\t\t\t<div class=\"elementor-element elementor-element-50734be elementor-widget elementor-widget-text-editor\" data-id=\"50734be\" data-element_type=\"widget\" data-widget_type=\"text-editor.default\">\n\t\t\t\t<div class=\"elementor-widget-container\">\n\t\t\t\t\t\t\t\t\t<p><span style=\"font-weight: 400;\">El motivo principal es econ\u00f3mico. Las grandes compa\u00f1\u00edas priorizan las zonas con alta densidad de poblaci\u00f3n, donde la inversi\u00f3n en infraestructura se rentabiliza m\u00e1s r\u00e1pido. Como resultado, urbanizaciones peque\u00f1as, caminos rurales o viviendas aisladas no reciben la atenci\u00f3n que merecen. Esta brecha digital afecta a decenas de familias en Elda, que se ven obligadas a buscar soluciones alternativas\u2026 o resignarse a una mala conexi\u00f3n.<\/span><\/p>\t\t\t\t\t\t\t\t<\/div>\n\t\t\t\t<\/div>\n\t\t\t\t<\/div>\n\t\t\t\t\t<\/div>\n\t\t\t\t<\/div>\n\t\t<div class=\"elementor-element elementor-element-dccd02d e-flex e-con-boxed e-con e-parent\" data-id=\"dccd02d\" data-element_type=\"container\">\n\t\t\t\t\t<div class=\"e-con-inner\">\n\t\t\t\t<div class=\"elementor-element elementor-element-81f4e22 elementor-widget elementor-widget-heading\" data-id=\"81f4e22\" data-element_type=\"widget\" data-widget_type=\"heading.default\">\n\t\t\t\t<div class=\"elementor-widget-container\">\n\t\t\t\t\t<h2 class=\"elementor-heading-title elementor-size-default\">Habla con un t\u00e9cnico y comprueba la cobertura<\/h2>\t\t\t\t<\/div>\n\t\t\t\t<\/div>\n\t\t\t\t<div class=\"elementor-element elementor-element-fcf49ae elementor-align-center elementor-widget elementor-widget-button\" data-id=\"fcf49ae\" data-element_type=\"widget\" data-widget_type=\"button.default\">\n\t\t\t\t<div class=\"elementor-widget-container\">\n\t\t\t\t\t\t\t\t\t<div class=\"elementor-button-wrapper\">\n\t\t\t\t\t<a class=\"elementor-button elementor-button-link elementor-size-sm\" href=\"\">\n\t\t\t\t\t\t<span class=\"elementor-button-content-wrapper\">\n\t\t\t\t\t\t\t\t\t<span class=\"elementor-button-text\">Hablar por WhatsApp<\/span>\n\t\t\t\t\t<\/span>\n\t\t\t\t\t<\/a>\n\t\t\t\t<\/div>\n\t\t\t\t\t\t\t\t<\/div>\n\t\t\t\t<\/div>\n\t\t\t\t\t<\/div>\n\t\t\t\t<\/div>\n\t\t<div class=\"elementor-element elementor-element-068a2b5 e-flex e-con-boxed e-con e-parent\" data-id=\"068a2b5\" data-element_type=\"container\">\n\t\t\t\t\t<div class=\"e-con-inner\">\n\t\t<div class=\"elementor-element elementor-element-b79a61b e-con-full e-flex e-con e-child\" data-id=\"b79a61b\" data-element_type=\"container\">\n\t\t\t\t<div class=\"elementor-element elementor-element-e3b5e19 elementor-widget elementor-widget-heading\" data-id=\"e3b5e19\" data-element_type=\"widget\" data-widget_type=\"heading.default\">\n\t\t\t\t<div class=\"elementor-widget-container\">\n\t\t\t\t\t<h3 class=\"elementor-heading-title elementor-size-default\">La alternativa local: fibra rural con Zeta Air\n<\/h3>\t\t\t\t<\/div>\n\t\t\t\t<\/div>\n\t\t\t\t<div class=\"elementor-element elementor-element-fd0139d elementor-widget elementor-widget-text-editor\" data-id=\"fd0139d\" data-element_type=\"widget\" data-widget_type=\"text-editor.default\">\n\t\t\t\t<div class=\"elementor-widget-container\">\n\t\t\t\t\t\t\t\t\t<p><span style=\"font-weight: 400;\">En Zeta Air ofrecemos una soluci\u00f3n pensada para los vecinos del extrarradio. Gracias a nuestras redes propias y tecnolog\u00eda Wimax, podemos llevar internet a zonas donde otras compa\u00f1\u00edas no llegan. Analizamos tu ubicaci\u00f3n, evaluamos la viabilidad t\u00e9cnica y, si es posible, realizamos la instalaci\u00f3n sin complicaciones y con atenci\u00f3n personalizada.<\/span><\/p><p><span style=\"font-weight: 400;\">Nuestras conexiones permiten ver series y partidos en streaming, conectar varios dispositivos sin cortes y disfrutar de internet de calidad sin depender de la se\u00f1al m\u00f3vil o de un ADSL saturado. Todo con cobertura real y sin letra peque\u00f1a.<\/span><\/p><p style=\"text-align: center;\"><span style=\"font-weight: 400;\">\ud83d\udc49<\/span><a href=\"https:\/\/zetaair.es\/fibra-internet\/fibra-air---fibra-rural-\/\" target=\"_blank\" rel=\"noopener\"> <span style=\"font-weight: 400;\">Consulta aqu\u00ed nuestras tarifas de fibra rural en Elda con Zeta Air<\/span><\/a><\/p>\t\t\t\t\t\t\t\t<\/div>\n\t\t\t\t<\/div>\n\t\t\t\t<\/div>\n\t\t\t\t\t<\/div>\n\t\t\t\t<\/div>\n\t\t<div class=\"elementor-element elementor-element-17eb64d e-grid e-con-boxed e-con e-parent\" data-id=\"17eb64d\" data-element_type=\"container\">\n\t\t\t\t\t<div class=\"e-con-inner\">\n\t\t\t\t<div class=\"elementor-element elementor-element-4b02084 elementor-widget elementor-widget-image\" data-id=\"4b02084\" data-element_type=\"widget\" data-widget_type=\"image.default\">\n\t\t\t\t<div class=\"elementor-widget-container\">\n\t\t\t\t\t\t\t\t\t\t\t\t\t\t\t<img decoding=\"async\" width=\"300\" height=\"300\" src=\"https:\/\/zetaair.es\/blog\/wp-content\/uploads\/2025\/08\/Disenos-ZETA-FIBER-38-300x300.jpg\" class=\"attachment-medium size-medium wp-image-938\" alt=\"\" srcset=\"https:\/\/zetaair.es\/blog\/wp-content\/uploads\/2025\/08\/Disenos-ZETA-FIBER-38-300x300.jpg 300w, https:\/\/zetaair.es\/blog\/wp-content\/uploads\/2025\/08\/Disenos-ZETA-FIBER-38-1024x1024.jpg 1024w, https:\/\/zetaair.es\/blog\/wp-content\/uploads\/2025\/08\/Disenos-ZETA-FIBER-38-150x150.jpg 150w, https:\/\/zetaair.es\/blog\/wp-content\/uploads\/2025\/08\/Disenos-ZETA-FIBER-38-768x768.jpg 768w, https:\/\/zetaair.es\/blog\/wp-content\/uploads\/2025\/08\/Disenos-ZETA-FIBER-38-700x700.jpg 700w, https:\/\/zetaair.es\/blog\/wp-content\/uploads\/2025\/08\/Disenos-ZETA-FIBER-38-120x120.jpg 120w, https:\/\/zetaair.es\/blog\/wp-content\/uploads\/2025\/08\/Disenos-ZETA-FIBER-38.jpg 1080w\" sizes=\"(max-width: 300px) 100vw, 300px\" \/>\t\t\t\t\t\t\t\t\t\t\t\t\t\t\t<\/div>\n\t\t\t\t<\/div>\n\t\t\t\t<div class=\"elementor-element elementor-element-b6b2c3d elementor-widget elementor-widget-text-editor\" data-id=\"b6b2c3d\" data-element_type=\"widget\" data-widget_type=\"text-editor.default\">\n\t\t\t\t<div class=\"elementor-widget-container\">\n\t\t\t\t\t\t\t\t\t<blockquote><p>\u00a0<\/p><p>\u201c<span style=\"font-weight: 400;\">Antes ten\u00eda una conexi\u00f3n que me dejaba tirada justo cuando m\u00e1s lo necesitaba. Desde que contrat\u00e9 Zeta Air, todo cambi\u00f3. Trabajo con tranquilidad, veo series sin que se paren cada dos minutos y no tengo que preocuparme por quedarme sin conexi\u00f3n a mitad.<\/span><span style=\"font-weight: 400;\">\u00ab<\/span><\/p><\/blockquote><p style=\"text-align: center;\"><span style=\"font-size: 1rem;\">Natalia Bonmat\u00ed<\/span><\/p>\t\t\t\t\t\t\t\t<\/div>\n\t\t\t\t<\/div>\n\t\t\t\t\t<\/div>\n\t\t\t\t<\/div>\n\t\t<div class=\"elementor-element elementor-element-9d24533 e-flex e-con-boxed e-con e-parent\" data-id=\"9d24533\" data-element_type=\"container\">\n\t\t\t\t\t<div class=\"e-con-inner\">\n\t\t\t\t<div class=\"elementor-element elementor-element-f064128 elementor-widget elementor-widget-heading\" data-id=\"f064128\" data-element_type=\"widget\" data-widget_type=\"heading.default\">\n\t\t\t\t<div class=\"elementor-widget-container\">\n\t\t\t\t\t<h2 class=\"elementor-heading-title elementor-size-default\">Preguntas frecuentes sobre internet rural en Elda\n<\/h2>\t\t\t\t<\/div>\n\t\t\t\t<\/div>\n\t\t\t\t<div class=\"elementor-element elementor-element-bd96a14 elementor-widget elementor-widget-text-editor\" data-id=\"bd96a14\" data-element_type=\"widget\" data-widget_type=\"text-editor.default\">\n\t\t\t\t<div class=\"elementor-widget-container\">\n\t\t\t\t\t\t\t\t\t<p><b>\u00bfZeta Air da servicio en zonas como La Jaud o El Monastil?<\/b><b><br \/><\/b><span style=\"font-weight: 400;\"> S\u00ed. Ya tenemos cobertura en varias zonas rurales de Elda, como La Jaud, La Torreta, El Monastil y los alrededores del r\u00edo Vinalop\u00f3. Contacta con nosotros y comprobaremos si tu casa est\u00e1 dentro de nuestra red de cobertura.<\/span><\/p><p><b>\u00bfQu\u00e9 necesito para tener internet si vivo en el campo?<\/b><b><br \/><\/b><span style=\"font-weight: 400;\"> No necesitas l\u00ednea de tel\u00e9fono ni conexi\u00f3n de fibra tradicional. Instalamos nuestro equipo en tu casa y, en cuesti\u00f3n de horas, ya puedes disfrutar de una conexi\u00f3n r\u00e1pida y estable, sin complicaciones t\u00e9cnicas.<\/span><\/p><p><b>\u00bfCu\u00e1nto se tarda en instalarlo?<\/b><b><br \/><\/b><span style=\"font-weight: 400;\"> Una vez verificada la cobertura, nuestro equipo puede hacer la instalaci\u00f3n en 48 o 72 horas. En menos de una semana estar\u00e1s conectado.<\/span><\/p>\t\t\t\t\t\t\t\t<\/div>\n\t\t\t\t<\/div>\n\t\t\t\t\t<\/div>\n\t\t\t\t<\/div>\n\t\t<div class=\"elementor-element elementor-element-854f1fa e-flex e-con-boxed e-con e-parent\" data-id=\"854f1fa\" data-element_type=\"container\">\n\t\t\t\t\t<div class=\"e-con-inner\">\n\t\t\t\t<div class=\"elementor-element elementor-element-8c86036 elementor-widget elementor-widget-heading\" data-id=\"8c86036\" data-element_type=\"widget\" data-widget_type=\"heading.default\">\n\t\t\t\t<div class=\"elementor-widget-container\">\n\t\t\t\t\t<h2 class=\"elementor-heading-title elementor-size-default\">Tu conexi\u00f3n rural en Elda empieza aqu\u00ed\n<\/h2>\t\t\t\t<\/div>\n\t\t\t\t<\/div>\n\t\t\t\t<div class=\"elementor-element elementor-element-814f7f0 elementor-widget elementor-widget-text-editor\" data-id=\"814f7f0\" data-element_type=\"widget\" data-widget_type=\"text-editor.default\">\n\t\t\t\t<div class=\"elementor-widget-container\">\n\t\t\t\t\t\t\t\t\t<p><span style=\"font-weight: 400;\">Vivir en el campo no deber\u00eda significar renunciar a internet de calidad. En Zeta Air te ofrecemos una alternativa fiable, pensada para quienes necesitan conectividad sin complicaciones. Ya sea para ver la televisi\u00f3n, navegar por redes, estudiar o simplemente estar al d\u00eda, tenemos la soluci\u00f3n para ti.<\/span><\/p><p><a href=\"https:\/\/zetaair.es\/fibra-internet\/fibra-air---fibra-rural-\/\" target=\"_blank\" rel=\"noopener\"><span style=\"font-weight: 400;\">Consulta nuestras tarifas de fibra rural en Elda<\/span><\/a><span style=\"font-weight: 400;\"> o ll\u00e1manos para comprobar tu cobertura. Estaremos encantados de ayudarte.<\/span><\/p>\t\t\t\t\t\t\t\t<\/div>\n\t\t\t\t<\/div>\n\t\t\t\t\t<\/div>\n\t\t\t\t<\/div>\n\t\t\t\t<\/div>\n\t\t","protected":false},"excerpt":{"rendered":"<p>Ver Tarifas de Fibra Rural La mayor\u00eda de los vecinos de estas zonas siguen dependiendo de conexiones ADSL obsoletas o de routers que funcionan con datos m\u00f3viles, que en la pr\u00e1ctica ofrecen una conexi\u00f3n lenta, inestable y limitada. Esto afecta tanto a quienes necesitan internet para gestiones b\u00e1sicas como a quienes simplemente quieren ver la [&hellip;]<\/p>\n","protected":false},"author":3,"featured_media":0,"parent":0,"menu_order":0,"comment_status":"closed","ping_status":"closed","template":"","meta":{"footnotes":""},"class_list":["post-933","page","type-page","status-publish","hentry"],"_links":{"self":[{"href":"https:\/\/zetaair.es\/blog\/wp-json\/wp\/v2\/pages\/933","targetHints":{"allow":["GET"]}}],"collection":[{"href":"https:\/\/zetaair.es\/blog\/wp-json\/wp\/v2\/pages"}],"about":[{"href":"https:\/\/zetaair.es\/blog\/wp-json\/wp\/v2\/types\/page"}],"author":[{"embeddable":true,"href":"https:\/\/zetaair.es\/blog\/wp-json\/wp\/v2\/users\/3"}],"replies":[{"embeddable":true,"href":"https:\/\/zetaair.es\/blog\/wp-json\/wp\/v2\/comments?post=933"}],"version-history":[{"count":9,"href":"https:\/\/zetaair.es\/blog\/wp-json\/wp\/v2\/pages\/933\/revisions"}],"predecessor-version":[{"id":1277,"href":"https:\/\/zetaair.es\/blog\/wp-json\/wp\/v2\/pages\/933\/revisions\/1277"}],"wp:attachment":[{"href":"https:\/\/zetaair.es\/blog\/wp-json\/wp\/v2\/media?parent=933"}],"curies":[{"name":"wp","href":"https:\/\/api.w.org\/{rel}","templated":true}]}}